{"id":208,"date":"2021-07-25T15:41:53","date_gmt":"2021-07-25T15:41:53","guid":{"rendered":"http:\/\/localhost:8888\/royarch\/?page_id=208"},"modified":"2021-07-25T15:41:53","modified_gmt":"2021-07-25T15:41:53","slug":"blog-grid","status":"publish","type":"page","link":"https:\/\/erfeninsaat.com.tr\/index.php\/blog-grid\/","title":{"rendered":"Blog Grid"},"content":{"rendered":"\t\t<div data-elementor-type=\"wp-page\" data-elementor-id=\"208\" class=\"elementor elementor-208\">\n\t\t\t\t\t\t\t\t\t<section class=\"elementor-section elementor-top-section elementor-element elementor-element-22bd8b0 elementor-section-full_width elementor-section-height-default elementor-section-height-default\" data-id=\"22bd8b0\" data-element_type=\"section\">\n\t\t\t\t\t\t<div class=\"elementor-container elementor-column-gap-no\">\n\t\t\t\t\t<div class=\"elementor-column elementor-col-100 elementor-top-column elementor-element elementor-element-8dff500\" data-id=\"8dff500\" data-element_type=\"column\">\n\t\t\t<div class=\"elementor-widget-wrap elementor-element-populated\">\n\t\t\t\t\t\t\t\t<div class=\"elementor-element elementor-element-f67feab elementor-widget elementor-widget-Royarch-Global-Widgets-Col-Block\" data-id=\"f67feab\" data-element_type=\"widget\" data-widget_type=\"Royarch-Global-Widgets-Col-Block.default\">\n\t\t\t\t<div class=\"elementor-widget-container\">\n\t\t\t\n\t\t<!-- blog-section \n\t\t\t================================================== -->\n\t\t<section class=\"blog-section\">\n\t\t\t<div class=\"container\">\n\t\t\t\t<div class=\"blog-box iso-call col2\">\n\n\t\t\t\t\t<div class=\"blog-post post-1 post type-post status-publish format-standard hentry category-genel\">\r\n        <div class=\"post-content\">\r\n        <ul class=\"meta-list\">\r\n                                <li>\r\n                        <a href=\"https:\/\/erfeninsaat.com.tr\/index.php\/category\/genel\/\">\r\n                            <i class=\"far fa-folder-open\"><\/i>\r\n                            Genel                        <\/a>\r\n                    <\/li>\r\n                            <li>\r\n                <a href=\"#\">\r\n                    <i class=\"far fa-clock\"><\/i>\r\n                    16 A\u011fustos 2023                <\/a>\r\n            <\/li>\r\n        <\/ul>\r\n\r\n        <h3><a href=\"https:\/\/erfeninsaat.com.tr\/index.php\/2023\/08\/16\/merhaba-dunya\/\">Merhaba d\u00fcnya!<\/a><\/h3>\r\n        <p>WordPress&#8217;e ho\u015f geldiniz. Bu sizin ilk yaz\u0131n\u0131z. Bu yaz\u0131y\u0131 d\u00fczenleyin ya da silin. Sonra yazmaya ba\u015flay\u0131n!<\/p>\n        <a class=\"button-one\" href=\"https:\/\/erfeninsaat.com.tr\/index.php\/2023\/08\/16\/merhaba-dunya\/\">\r\n            <span>Read More<\/span>\r\n        <\/a>\r\n    <\/div>\r\n\r\n<\/div><div class=\"blog-post post-53 post type-post status-publish format-standard has-post-thumbnail hentry category-architecture tag-design tag-politics tag-sport tag-travel\">\r\n            <a href=\"https:\/\/erfeninsaat.com.tr\/index.php\/2021\/07\/08\/designing-with-balance-and-care\/\" class=\"post-thumbnail\">\r\n            <img data-src=\"https:\/\/erfeninsaat.com.tr\/wp-content\/uploads\/2021\/07\/img-post-1.jpg\" alt>\r\n        <\/a>\r\n        <div class=\"post-content\">\r\n        <ul class=\"meta-list\">\r\n                                <li>\r\n                        <a href=\"https:\/\/erfeninsaat.com.tr\/index.php\/category\/architecture\/\">\r\n                            <i class=\"far fa-folder-open\"><\/i>\r\n                            Architecture                        <\/a>\r\n                    <\/li>\r\n                            <li>\r\n                <a href=\"#\">\r\n                    <i class=\"far fa-clock\"><\/i>\r\n                    8 Temmuz 2021                <\/a>\r\n            <\/li>\r\n        <\/ul>\r\n\r\n        <h3><a href=\"https:\/\/erfeninsaat.com.tr\/index.php\/2021\/07\/08\/designing-with-balance-and-care\/\">Designing with balance and care<\/a><\/h3>\r\n        <p>Individuals require a place to live, work, play, learn, shop, and eat. Architects are in charge of planning these spots and secure the general wellbeing and welfare. This second obligation expects<\/p>\n        <a class=\"button-one\" href=\"https:\/\/erfeninsaat.com.tr\/index.php\/2021\/07\/08\/designing-with-balance-and-care\/\">\r\n            <span>Read More<\/span>\r\n        <\/a>\r\n    <\/div>\r\n\r\n<\/div><div class=\"blog-post post-51 post type-post status-publish format-standard has-post-thumbnail hentry category-building-consultancy category-building-plans tag-design tag-politics tag-sport tag-travel\">\r\n            <a href=\"https:\/\/erfeninsaat.com.tr\/index.php\/2021\/07\/08\/give-your-dreams-a-shape-of-reality\/\" class=\"post-thumbnail\">\r\n            <img data-src=\"https:\/\/erfeninsaat.com.tr\/wp-content\/uploads\/2021\/07\/img-post-5.jpg\" alt>\r\n        <\/a>\r\n        <div class=\"post-content\">\r\n        <ul class=\"meta-list\">\r\n                                <li>\r\n                        <a href=\"https:\/\/erfeninsaat.com.tr\/index.php\/category\/building-consultancy\/\">\r\n                            <i class=\"far fa-folder-open\"><\/i>\r\n                            Building consultancy                        <\/a>\r\n                    <\/li>\r\n                            <li>\r\n                <a href=\"#\">\r\n                    <i class=\"far fa-clock\"><\/i>\r\n                    8 Temmuz 2021                <\/a>\r\n            <\/li>\r\n        <\/ul>\r\n\r\n        <h3><a href=\"https:\/\/erfeninsaat.com.tr\/index.php\/2021\/07\/08\/give-your-dreams-a-shape-of-reality\/\">Give your dreams a shape of reality<\/a><\/h3>\r\n        <p>Individuals require a place to live, work, play, learn, shop, and eat. Architects are in charge of planning these spots and secure the general wellbeing and welfare. This second obligation expects<\/p>\n        <a class=\"button-one\" href=\"https:\/\/erfeninsaat.com.tr\/index.php\/2021\/07\/08\/give-your-dreams-a-shape-of-reality\/\">\r\n            <span>Read More<\/span>\r\n        <\/a>\r\n    <\/div>\r\n\r\n<\/div><div class=\"blog-post post-49 post type-post status-publish format-standard has-post-thumbnail hentry category-exterior-design tag-design tag-lifestyle tag-politics tag-sport\">\r\n            <a href=\"https:\/\/erfeninsaat.com.tr\/index.php\/2021\/07\/08\/the-art-of-building\/\" class=\"post-thumbnail\">\r\n            <img data-src=\"https:\/\/erfeninsaat.com.tr\/wp-content\/uploads\/2021\/07\/img-post-2.jpg\" alt>\r\n        <\/a>\r\n        <div class=\"post-content\">\r\n        <ul class=\"meta-list\">\r\n                                <li>\r\n                        <a href=\"https:\/\/erfeninsaat.com.tr\/index.php\/category\/exterior-design\/\">\r\n                            <i class=\"far fa-folder-open\"><\/i>\r\n                            Exterior design                        <\/a>\r\n                    <\/li>\r\n                            <li>\r\n                <a href=\"#\">\r\n                    <i class=\"far fa-clock\"><\/i>\r\n                    8 Temmuz 2021                <\/a>\r\n            <\/li>\r\n        <\/ul>\r\n\r\n        <h3><a href=\"https:\/\/erfeninsaat.com.tr\/index.php\/2021\/07\/08\/the-art-of-building\/\">The art of building<\/a><\/h3>\r\n        <p>Individuals require a place to live, work, play, learn, shop, and eat. Architects are in charge of planning these spots and secure the general wellbeing and welfare. This second obligation expects&#8230;<\/p>\n        <a class=\"button-one\" href=\"https:\/\/erfeninsaat.com.tr\/index.php\/2021\/07\/08\/the-art-of-building\/\">\r\n            <span>Read More<\/span>\r\n        <\/a>\r\n    <\/div>\r\n\r\n<\/div><div class=\"blog-post post-47 post type-post status-publish format-standard has-post-thumbnail hentry category-exterior-design category-workspace-interior tag-design tag-lifestyle tag-sport tag-travel\">\r\n            <a href=\"https:\/\/erfeninsaat.com.tr\/index.php\/2021\/07\/08\/a-whole-different-kind-of-designing\/\" class=\"post-thumbnail\">\r\n            <img data-src=\"https:\/\/erfeninsaat.com.tr\/wp-content\/uploads\/2021\/07\/img-post-3.jpg\" alt>\r\n        <\/a>\r\n        <div class=\"post-content\">\r\n        <ul class=\"meta-list\">\r\n                                <li>\r\n                        <a href=\"https:\/\/erfeninsaat.com.tr\/index.php\/category\/exterior-design\/\">\r\n                            <i class=\"far fa-folder-open\"><\/i>\r\n                            Exterior design                        <\/a>\r\n                    <\/li>\r\n                            <li>\r\n                <a href=\"#\">\r\n                    <i class=\"far fa-clock\"><\/i>\r\n                    8 Temmuz 2021                <\/a>\r\n            <\/li>\r\n        <\/ul>\r\n\r\n        <h3><a href=\"https:\/\/erfeninsaat.com.tr\/index.php\/2021\/07\/08\/a-whole-different-kind-of-designing\/\">A whole different kind of designing<\/a><\/h3>\r\n        <p>Individuals require a place to live, work, play, learn, shop, and eat. Architects are in charge of planning these spots and secure the general wellbeing and welfare. This second obligation expects&#8230;<\/p>\n        <a class=\"button-one\" href=\"https:\/\/erfeninsaat.com.tr\/index.php\/2021\/07\/08\/a-whole-different-kind-of-designing\/\">\r\n            <span>Read More<\/span>\r\n        <\/a>\r\n    <\/div>\r\n\r\n<\/div><div class=\"blog-post post-45 post type-post status-publish format-standard has-post-thumbnail hentry category-architecture category-building-plans tag-design tag-sport tag-travel\">\r\n            <a href=\"https:\/\/erfeninsaat.com.tr\/index.php\/2021\/07\/08\/building-on-the-ninth-cloud\/\" class=\"post-thumbnail\">\r\n            <img data-src=\"https:\/\/erfeninsaat.com.tr\/wp-content\/uploads\/2021\/07\/img-post-4.jpg\" alt>\r\n        <\/a>\r\n        <div class=\"post-content\">\r\n        <ul class=\"meta-list\">\r\n                                <li>\r\n                        <a href=\"https:\/\/erfeninsaat.com.tr\/index.php\/category\/architecture\/\">\r\n                            <i class=\"far fa-folder-open\"><\/i>\r\n                            Architecture                        <\/a>\r\n                    <\/li>\r\n                            <li>\r\n                <a href=\"#\">\r\n                    <i class=\"far fa-clock\"><\/i>\r\n                    8 Temmuz 2021                <\/a>\r\n            <\/li>\r\n        <\/ul>\r\n\r\n        <h3><a href=\"https:\/\/erfeninsaat.com.tr\/index.php\/2021\/07\/08\/building-on-the-ninth-cloud\/\">Building on the ninth cloud<\/a><\/h3>\r\n        <p>Individuals require a place to live, work, play, learn, shop, and eat. Architects are in charge of planning these spots and secure the general wellbeing and welfare. This second obligation expects&#8230;<\/p>\n        <a class=\"button-one\" href=\"https:\/\/erfeninsaat.com.tr\/index.php\/2021\/07\/08\/building-on-the-ninth-cloud\/\">\r\n            <span>Read More<\/span>\r\n        <\/a>\r\n    <\/div>\r\n\r\n<\/div><div class=\"blog-post post-37 post type-post status-publish format-standard has-post-thumbnail hentry category-building-consultancy category-building-renovation tag-lifestyle tag-sport tag-travel\">\r\n            <a href=\"https:\/\/erfeninsaat.com.tr\/index.php\/2021\/07\/08\/providing-innovative-designs\/\" class=\"post-thumbnail\">\r\n            <img data-src=\"https:\/\/erfeninsaat.com.tr\/wp-content\/uploads\/2021\/07\/img-post-6.jpg\" alt>\r\n        <\/a>\r\n        <div class=\"post-content\">\r\n        <ul class=\"meta-list\">\r\n                                <li>\r\n                        <a href=\"https:\/\/erfeninsaat.com.tr\/index.php\/category\/building-consultancy\/\">\r\n                            <i class=\"far fa-folder-open\"><\/i>\r\n                            Building consultancy                        <\/a>\r\n                    <\/li>\r\n                            <li>\r\n                <a href=\"#\">\r\n                    <i class=\"far fa-clock\"><\/i>\r\n                    8 Temmuz 2021                <\/a>\r\n            <\/li>\r\n        <\/ul>\r\n\r\n        <h3><a href=\"https:\/\/erfeninsaat.com.tr\/index.php\/2021\/07\/08\/providing-innovative-designs\/\">Providing innovative designs<\/a><\/h3>\r\n        <p>Individuals require a place to live, work, play, learn, shop, and eat. Architects are in charge of planning these spots and secure the general wellbeing and welfare. This second obligation expects&#8230;<\/p>\n        <a class=\"button-one\" href=\"https:\/\/erfeninsaat.com.tr\/index.php\/2021\/07\/08\/providing-innovative-designs\/\">\r\n            <span>Read More<\/span>\r\n        <\/a>\r\n    <\/div>\r\n\r\n<\/div><div class=\"blog-post post-34 post type-post status-publish format-standard has-post-thumbnail hentry category-architecture category-workspace-interior tag-design tag-politics tag-sport tag-travel\">\r\n            <a href=\"https:\/\/erfeninsaat.com.tr\/index.php\/2021\/07\/08\/connecting-creating-the-creative\/\" class=\"post-thumbnail\">\r\n            <img data-src=\"https:\/\/erfeninsaat.com.tr\/wp-content\/uploads\/2021\/07\/img-post-8.jpg\" alt>\r\n        <\/a>\r\n        <div class=\"post-content\">\r\n        <ul class=\"meta-list\">\r\n                                <li>\r\n                        <a href=\"https:\/\/erfeninsaat.com.tr\/index.php\/category\/architecture\/\">\r\n                            <i class=\"far fa-folder-open\"><\/i>\r\n                            Architecture                        <\/a>\r\n                    <\/li>\r\n                            <li>\r\n                <a href=\"#\">\r\n                    <i class=\"far fa-clock\"><\/i>\r\n                    8 Temmuz 2021                <\/a>\r\n            <\/li>\r\n        <\/ul>\r\n\r\n        <h3><a href=\"https:\/\/erfeninsaat.com.tr\/index.php\/2021\/07\/08\/connecting-creating-the-creative\/\">Connecting, creating the creative<\/a><\/h3>\r\n        <p>Individuals require a place to live, work, play, learn, shop, and eat. Architects are in charge of planning these spots and secure the general wellbeing and welfare. This second obligation expects&#8230;<\/p>\n        <a class=\"button-one\" href=\"https:\/\/erfeninsaat.com.tr\/index.php\/2021\/07\/08\/connecting-creating-the-creative\/\">\r\n            <span>Read More<\/span>\r\n        <\/a>\r\n    <\/div>\r\n\r\n<\/div>\t\t\t\t\t\n\t\t\t\t<\/div>\n\t\t\t\t            <div class=\"fabriclab-pagination\">\r\n\t\t\t\t<ul class='page-numbers'>\n\t<li><span aria-current=\"page\" class=\"page-numbers current\">1<\/span><\/li>\n\t<li><a class=\"page-numbers\" href=\"https:\/\/erfeninsaat.com.tr\/index.php\/wp-json\/wp\/v2\/pages\/208\/page\/2\/\">2<\/a><\/li>\n\t<li><a class=\"next page-numbers\" href=\"https:\/\/erfeninsaat.com.tr\/index.php\/wp-json\/wp\/v2\/pages\/208\/page\/2\/\"><i class=\"fas fa-chevron-right\"><\/i><\/a><\/li>\n<\/ul>\n            <\/div>\r\n\r\n\t\t\t\t\t<\/div>\n\t\t<\/section>\n\t\t<!-- End blog-section -->\n\t\t\t\n    \n    \t\t<\/div>\n\t\t\t\t<\/div>\n\t\t\t\t\t<\/div>\n\t\t<\/div>\n\t\t\t\t\t\t\t<\/div>\n\t\t<\/section>\n\t\t\t\t\t\t\t<\/div>\n\t\t","protected":false},"excerpt":{"rendered":"<p>Uncategorized 2 weeks ago Designing with balance and care Individuals require a place to live, work, play, learn, shop, and eat. Architects are in charge of planning these spots and secure the general wellbeing and welfare. This second obligation expects Read More Uncategorized 2 weeks ago Give your dreams a shape of reality Individuals require <\/p>\n","protected":false},"author":1,"featured_media":0,"parent":0,"menu_order":0,"comment_status":"closed","ping_status":"closed","template":"","meta":{"footnotes":""},"class_list":["post-208","page","type-page","status-publish","hentry"],"_links":{"self":[{"href":"https:\/\/erfeninsaat.com.tr\/index.php\/wp-json\/wp\/v2\/pages\/208","targetHints":{"allow":["GET"]}}],"collection":[{"href":"https:\/\/erfeninsaat.com.tr\/index.php\/wp-json\/wp\/v2\/pages"}],"about":[{"href":"https:\/\/erfeninsaat.com.tr\/index.php\/wp-json\/wp\/v2\/types\/page"}],"author":[{"embeddable":true,"href":"https:\/\/erfeninsaat.com.tr\/index.php\/wp-json\/wp\/v2\/users\/1"}],"replies":[{"embeddable":true,"href":"https:\/\/erfeninsaat.com.tr\/index.php\/wp-json\/wp\/v2\/comments?post=208"}],"version-history":[{"count":0,"href":"https:\/\/erfeninsaat.com.tr\/index.php\/wp-json\/wp\/v2\/pages\/208\/revisions"}],"wp:attachment":[{"href":"https:\/\/erfeninsaat.com.tr\/index.php\/wp-json\/wp\/v2\/media?parent=208"}],"curies":[{"name":"wp","href":"https:\/\/api.w.org\/{rel}","templated":true}]}}