{"id":367,"date":"2021-07-30T09:02:35","date_gmt":"2021-07-30T09:02:35","guid":{"rendered":"http:\/\/localhost:8888\/royarch\/?page_id=367"},"modified":"2023-08-18T10:12:15","modified_gmt":"2023-08-18T07:12:15","slug":"portfolio-fullscreen-5-col","status":"publish","type":"page","link":"https:\/\/erfeninsaat.com.tr\/index.php\/portfolio-fullscreen-5-col\/","title":{"rendered":"Taahh\u00fct"},"content":{"rendered":"\t\t<div data-elementor-type=\"wp-page\" data-elementor-id=\"367\" class=\"elementor elementor-367\">\n\t\t\t\t\t\t\t\t\t<section class=\"elementor-section elementor-top-section elementor-element elementor-element-d539007 elementor-section-boxed elementor-section-height-default elementor-section-height-default\" data-id=\"d539007\" data-element_type=\"section\">\n\t\t\t\t\t\t<div class=\"elementor-container elementor-column-gap-default\">\n\t\t\t\t\t<div class=\"elementor-column elementor-col-100 elementor-top-column elementor-element elementor-element-4900337\" data-id=\"4900337\" data-element_type=\"column\">\n\t\t\t<div class=\"elementor-widget-wrap elementor-element-populated\">\n\t\t\t\t\t\t\t\t<div class=\"elementor-element elementor-element-60587b8 elementor-grid-3 elementor-grid-tablet-2 elementor-grid-mobile-1 elementor-widget elementor-widget-portfolio\" data-id=\"60587b8\" data-element_type=\"widget\" data-settings=\"{&quot;item_ratio&quot;:{&quot;unit&quot;:&quot;px&quot;,&quot;size&quot;:1.14,&quot;sizes&quot;:[]},&quot;row_gap&quot;:{&quot;unit&quot;:&quot;px&quot;,&quot;size&quot;:31,&quot;sizes&quot;:[]},&quot;columns&quot;:&quot;3&quot;,&quot;columns_tablet&quot;:&quot;2&quot;,&quot;columns_mobile&quot;:&quot;1&quot;,&quot;item_gap&quot;:{&quot;unit&quot;:&quot;px&quot;,&quot;size&quot;:&quot;&quot;,&quot;sizes&quot;:[]}}\" data-widget_type=\"portfolio.default\">\n\t\t\t\t<div class=\"elementor-widget-container\">\n\t\t\t<link rel=\"stylesheet\" href=\"https:\/\/erfeninsaat.com.tr\/wp-content\/plugins\/elementor-pro\/assets\/css\/widget-posts.min.css\">\t\t<ul class=\"elementor-portfolio__filters\">\n\t\t\t<li class=\"elementor-portfolio__filter elementor-active\" data-filter=\"__all\">T\u00fcm\u00fc<\/li>\n\t\t\t\t\t\t\t<li class=\"elementor-portfolio__filter\" data-filter=\"33\">Tamamlanan Projeler<\/li>\n\t\t\t\t\t<\/ul>\n\t\t\t\t<div class=\"elementor-portfolio elementor-grid elementor-posts-container\">\n\t\t\t\t<article class=\"elementor-portfolio-item elementor-post elementor-filter-33 post-325 project type-project status-publish format-standard has-post-thumbnail hentry tag-tamamlanan ProjectCategory-taahhut\">\n\t\t\t<a class=\"elementor-post__thumbnail__link\" href=\"https:\/\/erfeninsaat.com.tr\/index.php\/projects\/kul-dolgu-baraji\/\">\n\t\t\t\t<div class=\"elementor-portfolio-item__img elementor-post__thumbnail\">\n\t\t\t<img width=\"768\" height=\"768\" class=\"attachment-medium_large size-medium_large wp-image-1072\" alt=\"\" sizes=\"(max-width: 768px) 100vw, 768px\" data-data-src=\"https:\/\/erfeninsaat.com.tr\/wp-content\/uploads\/2021\/07\/kul1-1-768x768.jpg\" data-data-srcset=\"https:\/\/erfeninsaat.com.tr\/wp-content\/uploads\/2021\/07\/kul1-1-768x768.jpg 768w, https:\/\/erfeninsaat.com.tr\/wp-content\/uploads\/2021\/07\/kul1-1-300x300.jpg 300w, https:\/\/erfeninsaat.com.tr\/wp-content\/uploads\/2021\/07\/kul1-1-150x150.jpg 150w, https:\/\/erfeninsaat.com.tr\/wp-content\/uploads\/2021\/07\/kul1-1.jpg 960w\" srcset=\"https:\/\/erfeninsaat.com.tr\/wp-content\/uploads\/2021\/07\/kul1-1-768x768.jpg 768w, https:\/\/erfeninsaat.com.tr\/wp-content\/uploads\/2021\/07\/kul1-1-300x300.jpg 300w, https:\/\/erfeninsaat.com.tr\/wp-content\/uploads\/2021\/07\/kul1-1-150x150.jpg 150w, https:\/\/erfeninsaat.com.tr\/wp-content\/uploads\/2021\/07\/kul1-1.jpg 960w\" \/>\t\t<\/div>\n\t\t\t\t<div class=\"elementor-portfolio-item__overlay\">\n\t\t\t\t<h2 class=\"elementor-portfolio-item__title\">\n\t\tK\u00fcl Dolgu Baraj\u0131\t\t<\/h2>\n\t\t\t\t<\/div>\n\t\t\t\t<\/a>\n\t\t<\/article>\n\t\t\t\t<article class=\"elementor-portfolio-item elementor-post elementor-filter-33 post-1182 project type-project status-publish format-standard has-post-thumbnail hentry tag-tamamlanan ProjectCategory-taahhut\">\n\t\t\t<a class=\"elementor-post__thumbnail__link\" href=\"https:\/\/erfeninsaat.com.tr\/index.php\/projects\/civril-dere-tahkimati\/\">\n\t\t\t\t<div class=\"elementor-portfolio-item__img elementor-post__thumbnail\">\n\t\t\t<img width=\"768\" height=\"768\" class=\"attachment-medium_large size-medium_large wp-image-1184\" alt=\"\" sizes=\"(max-width: 768px) 100vw, 768px\" data-data-src=\"https:\/\/erfeninsaat.com.tr\/wp-content\/uploads\/2023\/08\/cir2-768x768.jpg\" data-data-srcset=\"https:\/\/erfeninsaat.com.tr\/wp-content\/uploads\/2023\/08\/cir2-768x768.jpg 768w, https:\/\/erfeninsaat.com.tr\/wp-content\/uploads\/2023\/08\/cir2-300x300.jpg 300w, https:\/\/erfeninsaat.com.tr\/wp-content\/uploads\/2023\/08\/cir2-150x150.jpg 150w, https:\/\/erfeninsaat.com.tr\/wp-content\/uploads\/2023\/08\/cir2.jpg 960w\" srcset=\"https:\/\/erfeninsaat.com.tr\/wp-content\/uploads\/2023\/08\/cir2-768x768.jpg 768w, https:\/\/erfeninsaat.com.tr\/wp-content\/uploads\/2023\/08\/cir2-300x300.jpg 300w, https:\/\/erfeninsaat.com.tr\/wp-content\/uploads\/2023\/08\/cir2-150x150.jpg 150w, https:\/\/erfeninsaat.com.tr\/wp-content\/uploads\/2023\/08\/cir2.jpg 960w\" \/>\t\t<\/div>\n\t\t\t\t<div class=\"elementor-portfolio-item__overlay\">\n\t\t\t\t<h2 class=\"elementor-portfolio-item__title\">\n\t\t\u00c7ivril Dere Tahkimat\u0131\t\t<\/h2>\n\t\t\t\t<\/div>\n\t\t\t\t<\/a>\n\t\t<\/article>\n\t\t\t\t<article class=\"elementor-portfolio-item elementor-post elementor-filter-33 post-1097 project type-project status-publish format-standard has-post-thumbnail hentry tag-tamamlanan ProjectCategory-taahhut\">\n\t\t\t<a class=\"elementor-post__thumbnail__link\" href=\"https:\/\/erfeninsaat.com.tr\/index.php\/projects\/bilkent-saglik-kampusu\/\">\n\t\t\t\t<div class=\"elementor-portfolio-item__img elementor-post__thumbnail\">\n\t\t\t<img width=\"768\" height=\"768\" class=\"attachment-medium_large size-medium_large wp-image-1100\" alt=\"\" sizes=\"(max-width: 768px) 100vw, 768px\" data-data-src=\"https:\/\/erfeninsaat.com.tr\/wp-content\/uploads\/2023\/08\/bil3-768x768.jpg\" data-data-srcset=\"https:\/\/erfeninsaat.com.tr\/wp-content\/uploads\/2023\/08\/bil3-768x768.jpg 768w, https:\/\/erfeninsaat.com.tr\/wp-content\/uploads\/2023\/08\/bil3-300x300.jpg 300w, https:\/\/erfeninsaat.com.tr\/wp-content\/uploads\/2023\/08\/bil3-150x150.jpg 150w, https:\/\/erfeninsaat.com.tr\/wp-content\/uploads\/2023\/08\/bil3.jpg 960w\" srcset=\"https:\/\/erfeninsaat.com.tr\/wp-content\/uploads\/2023\/08\/bil3-768x768.jpg 768w, https:\/\/erfeninsaat.com.tr\/wp-content\/uploads\/2023\/08\/bil3-300x300.jpg 300w, https:\/\/erfeninsaat.com.tr\/wp-content\/uploads\/2023\/08\/bil3-150x150.jpg 150w, https:\/\/erfeninsaat.com.tr\/wp-content\/uploads\/2023\/08\/bil3.jpg 960w\" \/>\t\t<\/div>\n\t\t\t\t<div class=\"elementor-portfolio-item__overlay\">\n\t\t\t\t<h2 class=\"elementor-portfolio-item__title\">\n\t\tBilkent Sa\u011fl\u0131k Kamp\u00fcs\u00fc\t\t<\/h2>\n\t\t\t\t<\/div>\n\t\t\t\t<\/a>\n\t\t<\/article>\n\t\t\t\t<\/div>\n\t\t\t\t<\/div>\n\t\t\t\t<\/div>\n\t\t\t\t\t<\/div>\n\t\t<\/div>\n\t\t\t\t\t\t\t<\/div>\n\t\t<\/section>\n\t\t\t\t\t\t\t<\/div>\n\t\t","protected":false},"excerpt":{"rendered":"","protected":false},"author":1,"featured_media":0,"parent":0,"menu_order":0,"comment_status":"closed","ping_status":"closed","template":"","meta":{"footnotes":""},"class_list":["post-367","page","type-page","status-publish","hentry"],"_links":{"self":[{"href":"https:\/\/erfeninsaat.com.tr\/index.php\/wp-json\/wp\/v2\/pages\/367","targetHints":{"allow":["GET"]}}],"collection":[{"href":"https:\/\/erfeninsaat.com.tr\/index.php\/wp-json\/wp\/v2\/pages"}],"about":[{"href":"https:\/\/erfeninsaat.com.tr\/index.php\/wp-json\/wp\/v2\/types\/page"}],"author":[{"embeddable":true,"href":"https:\/\/erfeninsaat.com.tr\/index.php\/wp-json\/wp\/v2\/users\/1"}],"replies":[{"embeddable":true,"href":"https:\/\/erfeninsaat.com.tr\/index.php\/wp-json\/wp\/v2\/comments?post=367"}],"version-history":[{"count":4,"href":"https:\/\/erfeninsaat.com.tr\/index.php\/wp-json\/wp\/v2\/pages\/367\/revisions"}],"predecessor-version":[{"id":1353,"href":"https:\/\/erfeninsaat.com.tr\/index.php\/wp-json\/wp\/v2\/pages\/367\/revisions\/1353"}],"wp:attachment":[{"href":"https:\/\/erfeninsaat.com.tr\/index.php\/wp-json\/wp\/v2\/media?parent=367"}],"curies":[{"name":"wp","href":"https:\/\/api.w.org\/{rel}","templated":true}]}}