{"id":377,"date":"2021-07-30T09:06:25","date_gmt":"2021-07-30T09:06:25","guid":{"rendered":"http:\/\/localhost:8888\/royarch\/?page_id=377"},"modified":"2021-07-30T09:06:25","modified_gmt":"2021-07-30T09:06:25","slug":"portfolio-alternative","status":"publish","type":"page","link":"https:\/\/erfeninsaat.com.tr\/index.php\/portfolio-alternative\/","title":{"rendered":"Portfolio Alternative"},"content":{"rendered":"\t\t<div data-elementor-type=\"wp-page\" data-elementor-id=\"377\" class=\"elementor elementor-377\">\n\t\t\t\t\t\t\t\t\t<section class=\"elementor-section elementor-top-section elementor-element elementor-element-f6099f6 elementor-section-full_width elementor-section-height-default elementor-section-height-default\" data-id=\"f6099f6\" data-element_type=\"section\">\n\t\t\t\t\t\t<div class=\"elementor-container elementor-column-gap-no\">\n\t\t\t\t\t<div class=\"elementor-column elementor-col-100 elementor-top-column elementor-element elementor-element-0e5fc5d\" data-id=\"0e5fc5d\" data-element_type=\"column\">\n\t\t\t<div class=\"elementor-widget-wrap elementor-element-populated\">\n\t\t\t\t\t\t\t\t<div class=\"elementor-element elementor-element-ba91f48 elementor-widget elementor-widget-Royarch-Global-Widgets-Magic-Block\" data-id=\"ba91f48\" data-element_type=\"widget\" data-widget_type=\"Royarch-Global-Widgets-Magic-Block.default\">\n\t\t\t\t<div class=\"elementor-widget-container\">\n\t\t\t\r\n\r\n\r\n\t\t<!-- filter-section \r\n\t\t================================================== -->\r\n\t<section class=\"filter-section\">\r\n\t\t\t\t\r\n\t\t<ul class=\"filter\">\r\n\t\t\t<li><a class=\"active\" href=\"#\" data-filter=\"*\">Show all<\/a><\/li>\r\n\r\n\t\t\t\t\t\t\t    <li>\r\n\t\t\t\t    \t<a href=\"#\" data-filter=\".harfiyat\">\r\n\t\t\t\t    \t\tHarfiyat\t\t\t\t    \t<\/a>\r\n\t\t\t\t    <\/li>\r\n\t\t\t\t\t\t\t    <li>\r\n\t\t\t\t    \t<a href=\"#\" data-filter=\".insaat\">\r\n\t\t\t\t    \t\t\u0130n\u015faat\t\t\t\t    \t<\/a>\r\n\t\t\t\t    <\/li>\r\n\t\t\t\t\t\t\t    <li>\r\n\t\t\t\t    \t<a href=\"#\" data-filter=\".taahhut\">\r\n\t\t\t\t    \t\tTaahh\u00fct\t\t\t\t    \t<\/a>\r\n\t\t\t\t    <\/li>\r\n\t\t\t\r\n\t\t<\/ul>\r\n\r\n\t<\/section>\r\n\t<!-- End filter-section -->\r\n\t\r\n\t\t<!-- portfolio-section \r\n\t\t================================================== -->\r\n\t<section class=\"portfolio-section \">\r\n\t\t\t\t<div class=\"container\">\r\n\t\t\t\t\t<div class=\"portfolio-box iso-call colum3  \">\r\n\t\t\t\t\r\n\t\t\t\t\t\t\t<div class=\"portfolio-post insaat \">\r\n\t\t\t\t\t\t\t\t\t\t\t\t\t\t\t\t<figure class=\"effect-milo hover2\">\r\n\t\t\t\t\t\t\t\t\t\t\t\t\t\t\t\t\t        <img data-src=\"https:\/\/erfeninsaat.com.tr\/wp-content\/uploads\/2023\/08\/alana.jpg\" alt>\r\n\t\t\t\t\t\t\t\t    \t\t\t\t\t\t\t\t\t<figcaption>\r\n\t\t\t\t\t\t\t\t\t\t\t\t\t\t\t\t\t\t\t\t\t\t<p>\r\n\t\t\t\t\t\t\t\t\t\t\t\t\t\u0130n\u015faat.\t\t\t\t\t\t\t\t\t\t\t\t<\/p>\r\n\t\t\t\t\t\t\t\t\t\t    \t\t\t\t\t\t\t\t\t\t<h4><a href=\"https:\/\/erfeninsaat.com.tr\/index.php\/projects\/alacati-ticari-projemiz\/\">Alacaatl\u0131\u00a0Ticari\u00a0Projemiz<\/a><\/h4>\r\n\t\t\t\t\t\t\t\t\t\t<a href=\"https:\/\/erfeninsaat.com.tr\/index.php\/projects\/alacati-ticari-projemiz\/\">\r\n\t\t\t\t\t\t\t\t\t\t\t<span class=\"material-icons-outlined\">\r\n\t\t\t\t\t\t\t\t\t\t\t\tarticle\t\t\t\t\t\t\t\t\t\t\t<\/span>\r\n\t\t\t\t\t\t\t\t\t\t<\/a>\r\n\t\t\t\t\t\t\t\t\t<\/figcaption>\t\t\t\r\n\t\t\t\t\t\t\t\t<\/figure>\r\n\t\t\t\t\t\t\t<\/div>\r\n                        \r\n\t\t\t\t\t\t\t<div class=\"portfolio-post insaat \">\r\n\t\t\t\t\t\t\t\t\t\t\t\t\t\t\t\t<figure class=\"effect-milo hover2\">\r\n\t\t\t\t\t\t\t\t\t\t\t\t\t\t\t\t\t        <img data-src=\"https:\/\/erfeninsaat.com.tr\/wp-content\/uploads\/2023\/08\/um6.jpg\" alt>\r\n\t\t\t\t\t\t\t\t    \t\t\t\t\t\t\t\t\t<figcaption>\r\n\t\t\t\t\t\t\t\t\t\t\t\t\t\t\t\t\t\t\t\t\t\t<p>\r\n\t\t\t\t\t\t\t\t\t\t\t\t\t\u0130n\u015faat.\t\t\t\t\t\t\t\t\t\t\t\t<\/p>\r\n\t\t\t\t\t\t\t\t\t\t    \t\t\t\t\t\t\t\t\t\t<h4><a href=\"https:\/\/erfeninsaat.com.tr\/index.php\/projects\/ankara-cankaya-umit-mahallesi-ticari-tek-villa\/\">Ankara \u00c7ankaya \u00dcmit Mahallesi Ticari Villa<\/a><\/h4>\r\n\t\t\t\t\t\t\t\t\t\t<a href=\"https:\/\/erfeninsaat.com.tr\/index.php\/projects\/ankara-cankaya-umit-mahallesi-ticari-tek-villa\/\">\r\n\t\t\t\t\t\t\t\t\t\t\t<span class=\"material-icons-outlined\">\r\n\t\t\t\t\t\t\t\t\t\t\t\tarticle\t\t\t\t\t\t\t\t\t\t\t<\/span>\r\n\t\t\t\t\t\t\t\t\t\t<\/a>\r\n\t\t\t\t\t\t\t\t\t<\/figcaption>\t\t\t\r\n\t\t\t\t\t\t\t\t<\/figure>\r\n\t\t\t\t\t\t\t<\/div>\r\n                        \r\n\t\t\t\t\t\t\t<div class=\"portfolio-post insaat \">\r\n\t\t\t\t\t\t\t\t\t\t\t\t\t\t\t\t<figure class=\"effect-milo hover2\">\r\n\t\t\t\t\t\t\t\t\t\t\t\t\t\t\t\t\t        <img data-src=\"https:\/\/erfeninsaat.com.tr\/wp-content\/uploads\/2023\/08\/seh21.jpg\" alt>\r\n\t\t\t\t\t\t\t\t    \t\t\t\t\t\t\t\t\t<figcaption>\r\n\t\t\t\t\t\t\t\t\t\t\t\t\t\t\t\t\t\t\t\t\t\t<p>\r\n\t\t\t\t\t\t\t\t\t\t\t\t\t\u0130n\u015faat.\t\t\t\t\t\t\t\t\t\t\t\t<\/p>\r\n\t\t\t\t\t\t\t\t\t\t    \t\t\t\t\t\t\t\t\t\t<h4><a href=\"https:\/\/erfeninsaat.com.tr\/index.php\/projects\/sehr-i-yasam-konutlari\/\">\u015eehr-i Ya\u015fam Konutlar\u0131<\/a><\/h4>\r\n\t\t\t\t\t\t\t\t\t\t<a href=\"https:\/\/erfeninsaat.com.tr\/index.php\/projects\/sehr-i-yasam-konutlari\/\">\r\n\t\t\t\t\t\t\t\t\t\t\t<span class=\"material-icons-outlined\">\r\n\t\t\t\t\t\t\t\t\t\t\t\tarticle\t\t\t\t\t\t\t\t\t\t\t<\/span>\r\n\t\t\t\t\t\t\t\t\t\t<\/a>\r\n\t\t\t\t\t\t\t\t\t<\/figcaption>\t\t\t\r\n\t\t\t\t\t\t\t\t<\/figure>\r\n\t\t\t\t\t\t\t<\/div>\r\n                        \r\n\t\t\t\t\t\t\t<div class=\"portfolio-post insaat \">\r\n\t\t\t\t\t\t\t\t\t\t\t\t\t\t\t\t<figure class=\"effect-milo hover2\">\r\n\t\t\t\t\t\t\t\t\t\t\t\t\t\t\t\t\t        <img data-src=\"https:\/\/erfeninsaat.com.tr\/wp-content\/uploads\/2023\/08\/niw8.jpg\" alt>\r\n\t\t\t\t\t\t\t\t    \t\t\t\t\t\t\t\t\t<figcaption>\r\n\t\t\t\t\t\t\t\t\t\t\t\t\t\t\t\t\t\t\t\t\t\t<p>\r\n\t\t\t\t\t\t\t\t\t\t\t\t\t\u0130n\u015faat.\t\t\t\t\t\t\t\t\t\t\t\t<\/p>\r\n\t\t\t\t\t\t\t\t\t\t    \t\t\t\t\t\t\t\t\t\t<h4><a href=\"https:\/\/erfeninsaat.com.tr\/index.php\/projects\/niwapark\/\">Niwapark<\/a><\/h4>\r\n\t\t\t\t\t\t\t\t\t\t<a href=\"https:\/\/erfeninsaat.com.tr\/index.php\/projects\/niwapark\/\">\r\n\t\t\t\t\t\t\t\t\t\t\t<span class=\"material-icons-outlined\">\r\n\t\t\t\t\t\t\t\t\t\t\t\tarticle\t\t\t\t\t\t\t\t\t\t\t<\/span>\r\n\t\t\t\t\t\t\t\t\t\t<\/a>\r\n\t\t\t\t\t\t\t\t\t<\/figcaption>\t\t\t\r\n\t\t\t\t\t\t\t\t<\/figure>\r\n\t\t\t\t\t\t\t<\/div>\r\n                        \r\n\t\t\t\t\t\t\t<div class=\"portfolio-post insaat \">\r\n\t\t\t\t\t\t\t\t\t\t\t\t\t\t\t\t<figure class=\"effect-milo hover2\">\r\n\t\t\t\t\t\t\t\t\t\t\t\t\t\t\t\t\t        <img data-src=\"https:\/\/erfeninsaat.com.tr\/wp-content\/uploads\/2023\/08\/la3-1.jpg\" alt>\r\n\t\t\t\t\t\t\t\t    \t\t\t\t\t\t\t\t\t<figcaption>\r\n\t\t\t\t\t\t\t\t\t\t\t\t\t\t\t\t\t\t\t\t\t\t<p>\r\n\t\t\t\t\t\t\t\t\t\t\t\t\t\u0130n\u015faat.\t\t\t\t\t\t\t\t\t\t\t\t<\/p>\r\n\t\t\t\t\t\t\t\t\t\t    \t\t\t\t\t\t\t\t\t\t<h4><a href=\"https:\/\/erfeninsaat.com.tr\/index.php\/projects\/lavida-incek\/\">Lavida \u0130ncek<\/a><\/h4>\r\n\t\t\t\t\t\t\t\t\t\t<a href=\"https:\/\/erfeninsaat.com.tr\/index.php\/projects\/lavida-incek\/\">\r\n\t\t\t\t\t\t\t\t\t\t\t<span class=\"material-icons-outlined\">\r\n\t\t\t\t\t\t\t\t\t\t\t\tarticle\t\t\t\t\t\t\t\t\t\t\t<\/span>\r\n\t\t\t\t\t\t\t\t\t\t<\/a>\r\n\t\t\t\t\t\t\t\t\t<\/figcaption>\t\t\t\r\n\t\t\t\t\t\t\t\t<\/figure>\r\n\t\t\t\t\t\t\t<\/div>\r\n                        \r\n\t\t\t\t\t\t\t<div class=\"portfolio-post taahhut \">\r\n\t\t\t\t\t\t\t\t\t\t\t\t\t\t\t\t<figure class=\"effect-milo hover2\">\r\n\t\t\t\t\t\t\t\t\t\t\t\t\t\t\t\t\t        <img data-src=\"https:\/\/erfeninsaat.com.tr\/wp-content\/uploads\/2023\/08\/cir2.jpg\" alt>\r\n\t\t\t\t\t\t\t\t    \t\t\t\t\t\t\t\t\t<figcaption>\r\n\t\t\t\t\t\t\t\t\t\t\t\t\t\t\t\t\t\t\t\t\t\t<p>\r\n\t\t\t\t\t\t\t\t\t\t\t\t\tTaahh\u00fct.\t\t\t\t\t\t\t\t\t\t\t\t<\/p>\r\n\t\t\t\t\t\t\t\t\t\t    \t\t\t\t\t\t\t\t\t\t<h4><a href=\"https:\/\/erfeninsaat.com.tr\/index.php\/projects\/civril-dere-tahkimati\/\">\u00c7ivril Dere Tahkimat\u0131<\/a><\/h4>\r\n\t\t\t\t\t\t\t\t\t\t<a href=\"https:\/\/erfeninsaat.com.tr\/index.php\/projects\/civril-dere-tahkimati\/\">\r\n\t\t\t\t\t\t\t\t\t\t\t<span class=\"material-icons-outlined\">\r\n\t\t\t\t\t\t\t\t\t\t\t\tarticle\t\t\t\t\t\t\t\t\t\t\t<\/span>\r\n\t\t\t\t\t\t\t\t\t\t<\/a>\r\n\t\t\t\t\t\t\t\t\t<\/figcaption>\t\t\t\r\n\t\t\t\t\t\t\t\t<\/figure>\r\n\t\t\t\t\t\t\t<\/div>\r\n                        \r\n\t\t\t\t\t\t\t<div class=\"portfolio-post harfiyat \">\r\n\t\t\t\t\t\t\t\t\t\t\t\t\t\t\t\t<figure class=\"effect-milo hover2\">\r\n\t\t\t\t\t\t\t\t\t\t\t\t\t\t\t\t\t        <img data-src=\"https:\/\/erfeninsaat.com.tr\/wp-content\/uploads\/2023\/08\/gimat1.jpg\" alt>\r\n\t\t\t\t\t\t\t\t    \t\t\t\t\t\t\t\t\t<figcaption>\r\n\t\t\t\t\t\t\t\t\t\t\t\t\t\t\t\t\t\t\t\t\t\t<p>\r\n\t\t\t\t\t\t\t\t\t\t\t\t\tHarfiyat.\t\t\t\t\t\t\t\t\t\t\t\t<\/p>\r\n\t\t\t\t\t\t\t\t\t\t    \t\t\t\t\t\t\t\t\t\t<h4><a href=\"https:\/\/erfeninsaat.com.tr\/index.php\/projects\/gimat\/\">Gimat<\/a><\/h4>\r\n\t\t\t\t\t\t\t\t\t\t<a href=\"https:\/\/erfeninsaat.com.tr\/index.php\/projects\/gimat\/\">\r\n\t\t\t\t\t\t\t\t\t\t\t<span class=\"material-icons-outlined\">\r\n\t\t\t\t\t\t\t\t\t\t\t\tarticle\t\t\t\t\t\t\t\t\t\t\t<\/span>\r\n\t\t\t\t\t\t\t\t\t\t<\/a>\r\n\t\t\t\t\t\t\t\t\t<\/figcaption>\t\t\t\r\n\t\t\t\t\t\t\t\t<\/figure>\r\n\t\t\t\t\t\t\t<\/div>\r\n                        \r\n\t\t\t\t\t\t\t<div class=\"portfolio-post harfiyat \">\r\n\t\t\t\t\t\t\t\t\t\t\t\t\t\t\t\t<figure class=\"effect-milo hover2\">\r\n\t\t\t\t\t\t\t\t\t\t\t\t\t\t\t\t\t        <img data-src=\"https:\/\/erfeninsaat.com.tr\/wp-content\/uploads\/2023\/08\/onetower2.jpg\" alt>\r\n\t\t\t\t\t\t\t\t    \t\t\t\t\t\t\t\t\t<figcaption>\r\n\t\t\t\t\t\t\t\t\t\t\t\t\t\t\t\t\t\t\t\t\t\t<p>\r\n\t\t\t\t\t\t\t\t\t\t\t\t\tHarfiyat.\t\t\t\t\t\t\t\t\t\t\t\t<\/p>\r\n\t\t\t\t\t\t\t\t\t\t    \t\t\t\t\t\t\t\t\t\t<h4><a href=\"https:\/\/erfeninsaat.com.tr\/index.php\/projects\/one-tower-residance\/\">One Tower Residance<\/a><\/h4>\r\n\t\t\t\t\t\t\t\t\t\t<a href=\"https:\/\/erfeninsaat.com.tr\/index.php\/projects\/one-tower-residance\/\">\r\n\t\t\t\t\t\t\t\t\t\t\t<span class=\"material-icons-outlined\">\r\n\t\t\t\t\t\t\t\t\t\t\t\tarticle\t\t\t\t\t\t\t\t\t\t\t<\/span>\r\n\t\t\t\t\t\t\t\t\t\t<\/a>\r\n\t\t\t\t\t\t\t\t\t<\/figcaption>\t\t\t\r\n\t\t\t\t\t\t\t\t<\/figure>\r\n\t\t\t\t\t\t\t<\/div>\r\n                        \r\n\t\t\t\t\t\t\t<div class=\"portfolio-post harfiyat \">\r\n\t\t\t\t\t\t\t\t\t\t\t\t\t\t\t\t<figure class=\"effect-milo hover2\">\r\n\t\t\t\t\t\t\t\t\t\t\t\t\t\t\t\t\t        <img data-src=\"https:\/\/erfeninsaat.com.tr\/wp-content\/uploads\/2023\/08\/tepeprime.jpg\" alt>\r\n\t\t\t\t\t\t\t\t    \t\t\t\t\t\t\t\t\t<figcaption>\r\n\t\t\t\t\t\t\t\t\t\t\t\t\t\t\t\t\t\t\t\t\t\t<p>\r\n\t\t\t\t\t\t\t\t\t\t\t\t\tHarfiyat.\t\t\t\t\t\t\t\t\t\t\t\t<\/p>\r\n\t\t\t\t\t\t\t\t\t\t    \t\t\t\t\t\t\t\t\t\t<h4><a href=\"https:\/\/erfeninsaat.com.tr\/index.php\/projects\/tepe-prime\/\">Tepe Prime<\/a><\/h4>\r\n\t\t\t\t\t\t\t\t\t\t<a href=\"https:\/\/erfeninsaat.com.tr\/index.php\/projects\/tepe-prime\/\">\r\n\t\t\t\t\t\t\t\t\t\t\t<span class=\"material-icons-outlined\">\r\n\t\t\t\t\t\t\t\t\t\t\t\tarticle\t\t\t\t\t\t\t\t\t\t\t<\/span>\r\n\t\t\t\t\t\t\t\t\t\t<\/a>\r\n\t\t\t\t\t\t\t\t\t<\/figcaption>\t\t\t\r\n\t\t\t\t\t\t\t\t<\/figure>\r\n\t\t\t\t\t\t\t<\/div>\r\n                        \r\n\t\t\t\t\t\t\t<div class=\"portfolio-post harfiyat \">\r\n\t\t\t\t\t\t\t\t\t\t\t\t\t\t\t\t<figure class=\"effect-milo hover2\">\r\n\t\t\t\t\t\t\t\t\t\t\t\t\t\t\t\t\t        <img data-src=\"https:\/\/erfeninsaat.com.tr\/wp-content\/uploads\/2023\/08\/besa2.jpg\" alt>\r\n\t\t\t\t\t\t\t\t    \t\t\t\t\t\t\t\t\t<figcaption>\r\n\t\t\t\t\t\t\t\t\t\t\t\t\t\t\t\t\t\t\t\t\t\t<p>\r\n\t\t\t\t\t\t\t\t\t\t\t\t\tHarfiyat.\t\t\t\t\t\t\t\t\t\t\t\t<\/p>\r\n\t\t\t\t\t\t\t\t\t\t    \t\t\t\t\t\t\t\t\t\t<h4><a href=\"https:\/\/erfeninsaat.com.tr\/index.php\/projects\/besa-nova-cayyolu\/\">Besa Nova \u00c7ayyolu<\/a><\/h4>\r\n\t\t\t\t\t\t\t\t\t\t<a href=\"https:\/\/erfeninsaat.com.tr\/index.php\/projects\/besa-nova-cayyolu\/\">\r\n\t\t\t\t\t\t\t\t\t\t\t<span class=\"material-icons-outlined\">\r\n\t\t\t\t\t\t\t\t\t\t\t\tarticle\t\t\t\t\t\t\t\t\t\t\t<\/span>\r\n\t\t\t\t\t\t\t\t\t\t<\/a>\r\n\t\t\t\t\t\t\t\t\t<\/figcaption>\t\t\t\r\n\t\t\t\t\t\t\t\t<\/figure>\r\n\t\t\t\t\t\t\t<\/div>\r\n                        \r\n\t\t\t\t\t\t\t<div class=\"portfolio-post harfiyat \">\r\n\t\t\t\t\t\t\t\t\t\t\t\t\t\t\t\t<figure class=\"effect-milo hover2\">\r\n\t\t\t\t\t\t\t\t\t\t\t\t\t\t\t\t\t        <img data-src=\"https:\/\/erfeninsaat.com.tr\/wp-content\/uploads\/2023\/08\/camlipark.jpg\" alt>\r\n\t\t\t\t\t\t\t\t    \t\t\t\t\t\t\t\t\t<figcaption>\r\n\t\t\t\t\t\t\t\t\t\t\t\t\t\t\t\t\t\t\t\t\t\t<p>\r\n\t\t\t\t\t\t\t\t\t\t\t\t\tHarfiyat.\t\t\t\t\t\t\t\t\t\t\t\t<\/p>\r\n\t\t\t\t\t\t\t\t\t\t    \t\t\t\t\t\t\t\t\t\t<h4><a href=\"https:\/\/erfeninsaat.com.tr\/index.php\/projects\/camli-park-mesa\/\">\u00c7aml\u0131 Park Mesa<\/a><\/h4>\r\n\t\t\t\t\t\t\t\t\t\t<a href=\"https:\/\/erfeninsaat.com.tr\/index.php\/projects\/camli-park-mesa\/\">\r\n\t\t\t\t\t\t\t\t\t\t\t<span class=\"material-icons-outlined\">\r\n\t\t\t\t\t\t\t\t\t\t\t\tarticle\t\t\t\t\t\t\t\t\t\t\t<\/span>\r\n\t\t\t\t\t\t\t\t\t\t<\/a>\r\n\t\t\t\t\t\t\t\t\t<\/figcaption>\t\t\t\r\n\t\t\t\t\t\t\t\t<\/figure>\r\n\t\t\t\t\t\t\t<\/div>\r\n                        \r\n\t\t\t\t\t\t\t<div class=\"portfolio-post  \">\r\n\t\t\t\t\t\t\t\t\t\t\t\t\t\t\t\t<figure class=\"effect-milo hover2\">\r\n\t\t\t\t\t\t\t\t\t\t\t\t\t\t\t\t\t        <img data-src=\"https:\/\/erfeninsaat.com.tr\/wp-content\/uploads\/2023\/08\/incek1.jpg\" alt>\r\n\t\t\t\t\t\t\t\t    \t\t\t\t\t\t\t\t\t<figcaption>\r\n\t\t\t\t\t\t\t\t\t\t\t\t\t\t\t\t\t\t\t\t<h4><a href=\"https:\/\/erfeninsaat.com.tr\/index.php\/projects\/incek-bulvari\/\">\u0130ncek Bulvar\u0131<\/a><\/h4>\r\n\t\t\t\t\t\t\t\t\t\t<a href=\"https:\/\/erfeninsaat.com.tr\/index.php\/projects\/incek-bulvari\/\">\r\n\t\t\t\t\t\t\t\t\t\t\t<span class=\"material-icons-outlined\">\r\n\t\t\t\t\t\t\t\t\t\t\t\tarticle\t\t\t\t\t\t\t\t\t\t\t<\/span>\r\n\t\t\t\t\t\t\t\t\t\t<\/a>\r\n\t\t\t\t\t\t\t\t\t<\/figcaption>\t\t\t\r\n\t\t\t\t\t\t\t\t<\/figure>\r\n\t\t\t\t\t\t\t<\/div>\r\n                        \r\n\t\t\t<\/div>\r\n\t\t<\/div>\r\n\t<\/section>\r\n\t<!-- End portfolio-section -->\r\n\t\t\t\r\n    \r\n    \t\t<\/div>\n\t\t\t\t<\/div>\n\t\t\t\t\t<\/div>\n\t\t<\/div>\n\t\t\t\t\t\t\t<\/div>\n\t\t<\/section>\n\t\t\t\t\t\t\t<\/div>\n\t\t","protected":false},"excerpt":{"rendered":"<p>Show all Building Exterior Houses Interior Metal Villas Wood Interior. Interior modern architecture article Exterior. Innovation Architecture article Houses. Level of evolution article Exterior. Design your dreams with us article Building. Well-simplified design article Houses. Innovation in Craft article Villas. Magnificent Assembled article Wood. Unique Solution article Metal. Thoughtfully making Space article Houses. You bet <\/p>\n","protected":false},"author":1,"featured_media":0,"parent":0,"menu_order":0,"comment_status":"closed","ping_status":"closed","template":"","meta":{"footnotes":""},"class_list":["post-377","page","type-page","status-publish","hentry"],"_links":{"self":[{"href":"https:\/\/erfeninsaat.com.tr\/index.php\/wp-json\/wp\/v2\/pages\/377","targetHints":{"allow":["GET"]}}],"collection":[{"href":"https:\/\/erfeninsaat.com.tr\/index.php\/wp-json\/wp\/v2\/pages"}],"about":[{"href":"https:\/\/erfeninsaat.com.tr\/index.php\/wp-json\/wp\/v2\/types\/page"}],"author":[{"embeddable":true,"href":"https:\/\/erfeninsaat.com.tr\/index.php\/wp-json\/wp\/v2\/users\/1"}],"replies":[{"embeddable":true,"href":"https:\/\/erfeninsaat.com.tr\/index.php\/wp-json\/wp\/v2\/comments?post=377"}],"version-history":[{"count":0,"href":"https:\/\/erfeninsaat.com.tr\/index.php\/wp-json\/wp\/v2\/pages\/377\/revisions"}],"wp:attachment":[{"href":"https:\/\/erfeninsaat.com.tr\/index.php\/wp-json\/wp\/v2\/media?parent=377"}],"curies":[{"name":"wp","href":"https:\/\/api.w.org\/{rel}","templated":true}]}}