{"id":561,"date":"2021-07-31T15:02:31","date_gmt":"2021-07-31T15:02:31","guid":{"rendered":"http:\/\/localhost:8888\/royarch\/?page_id=561"},"modified":"2024-01-04T17:10:16","modified_gmt":"2024-01-04T14:10:16","slug":"contact","status":"publish","type":"page","link":"https:\/\/erfeninsaat.com.tr\/index.php\/contact\/","title":{"rendered":"\u0130leti\u015fim"},"content":{"rendered":"\t\t<div data-elementor-type=\"wp-page\" data-elementor-id=\"561\" class=\"elementor elementor-561\">\n\t\t\t\t\t\t\t\t\t<section class=\"elementor-section elementor-top-section elementor-element elementor-element-af80569 elementor-section-full_width elementor-section-height-default elementor-section-height-default\" data-id=\"af80569\" data-element_type=\"section\">\n\t\t\t\t\t\t<div class=\"elementor-container elementor-column-gap-no\">\n\t\t\t\t\t<div class=\"elementor-column elementor-col-100 elementor-top-column elementor-element elementor-element-e94a60a\" data-id=\"e94a60a\" data-element_type=\"column\">\n\t\t\t<div class=\"elementor-widget-wrap elementor-element-populated\">\n\t\t\t\t\t\t\t\t<div class=\"elementor-element elementor-element-e4270b4 elementor-widget elementor-widget-Royarch-Global-Widgets-Contact-Block\" data-id=\"e4270b4\" data-element_type=\"widget\" data-widget_type=\"Royarch-Global-Widgets-Contact-Block.default\">\n\t\t\t\t<div class=\"elementor-widget-container\">\n\t\t\t\r\n\t\t<!-- contact-info-section \r\n\t\t\t================================================== -->\r\n\t\t<section class=\"contact-info-section\">\r\n\r\n\t\t\t<div class=\"container\">\r\n\t\t\t\t<div class=\"title-box\">\r\n\t\t\t\t\t<span>\u0130leti\u015fim<\/span>\r\n\t\t\t\t\t<h2>Bize Ula\u015f\u0131n<\/h2>\r\n\t\t\t\t<\/div>\r\n\t\t\t\t<div class=\"contact-info-box\">\r\n\t\t\t\t\t<div class=\"row g-0\">\r\n\t\t\t\t\t\t\t\t\t\t\t\t\t<div class=\"col-lg-4\">\r\n\t\t\t\t\t\t\t\t<div class=\"contact-info-post\">\r\n\t\t\t\t\t\t\t\t\t<i aria-hidden=\"true\" class=\"fas fa-phone\"><\/i>\t\t\t\t\t\t\t\t\t<div class=\"info-content\">\r\n\t\t\t\t\t\t\t\t\t\t<h4>Ofis Numaram\u0131z<\/h4>\r\n\t\t\t\t\t\t\t\t\t\t<p>+90 312 234 20 06\n\n <\/p>\r\n\t\t\t\t\t\t\t\t\t<\/div>\r\n\t\t\t\t\t\t\t\t<\/div>\r\n\t\t\t\t\t\t\t<\/div>\r\n\t\t\t\t\t\t\t\t\t\t\t\t\t<div class=\"col-lg-4\">\r\n\t\t\t\t\t\t\t\t<div class=\"contact-info-post\">\r\n\t\t\t\t\t\t\t\t\t<i aria-hidden=\"true\" class=\"fas fa-mobile-alt\"><\/i>\t\t\t\t\t\t\t\t\t<div class=\"info-content\">\r\n\t\t\t\t\t\t\t\t\t\t<h4>Cep Numaram\u0131z<\/h4>\r\n\t\t\t\t\t\t\t\t\t\t<p>+90 532 793 63 28\n <\/p>\r\n\t\t\t\t\t\t\t\t\t<\/div>\r\n\t\t\t\t\t\t\t\t<\/div>\r\n\t\t\t\t\t\t\t<\/div>\r\n\t\t\t\t\t\t\t\t\t\t\t\t\t<div class=\"col-lg-4\">\r\n\t\t\t\t\t\t\t\t<div class=\"contact-info-post\">\r\n\t\t\t\t\t\t\t\t\t<i aria-hidden=\"true\" class=\"fas fa-mail-bulk\"><\/i>\t\t\t\t\t\t\t\t\t<div class=\"info-content\">\r\n\t\t\t\t\t\t\t\t\t\t<h4>Mail<\/h4>\r\n\t\t\t\t\t\t\t\t\t\t<p>info@erfeninsaat.com.tr\n\n\n <\/p>\r\n\t\t\t\t\t\t\t\t\t<\/div>\r\n\t\t\t\t\t\t\t\t<\/div>\r\n\t\t\t\t\t\t\t<\/div>\r\n\t\t\t\t\t\t\t\t\t\t\t\t\t<div class=\"col-lg-4\">\r\n\t\t\t\t\t\t\t\t<div class=\"contact-info-post\">\r\n\t\t\t\t\t\t\t\t\t<i aria-hidden=\"true\" class=\"fas fa-map-marker-alt\"><\/i>\t\t\t\t\t\t\t\t\t<div class=\"info-content\">\r\n\t\t\t\t\t\t\t\t\t\t<h4>Address<\/h4>\r\n\t\t\t\t\t\t\t\t\t\t<p>Fatih Sultan Mahallesi, 2364. Sk.\nNO:4, 06790 Etimesgut\/Ankara <\/p>\r\n\t\t\t\t\t\t\t\t\t<\/div>\r\n\t\t\t\t\t\t\t\t<\/div>\r\n\t\t\t\t\t\t\t<\/div>\r\n\t\t\t\t\t\t\r\n\t\t\t\t\t<\/div>\r\n\t\t\t\t<\/div>\r\n\t\t\t\t<div class=\"contact-form-box\">\r\n\t\t\t\t\t<div class=\"row g-0\">\r\n\t\t\t\t\t\t<div class=\"col-lg-8\">\r\n\t\t\t\t\t\t\t<div id=\"contact-form\">\r\n\t\t\t\t\t\t\t\t<p>\n<div class=\"wpcf7 no-js\" id=\"wpcf7-f23-o1\" lang=\"en-US\" dir=\"ltr\">\n<div class=\"screen-reader-response\"><p role=\"status\" aria-live=\"polite\" aria-atomic=\"true\"><\/p> <ul><\/ul><\/div>\n<form action=\"\/index.php\/wp-json\/wp\/v2\/pages\/561#wpcf7-f23-o1\" method=\"post\" class=\"wpcf7-form init\" aria-label=\"Contact form\" novalidate=\"novalidate\" data-status=\"init\">\n<div style=\"display: none;\">\n<input type=\"hidden\" name=\"_wpcf7\" value=\"23\" \/>\n<input type=\"hidden\" name=\"_wpcf7_version\" value=\"5.8\" \/>\n<input type=\"hidden\" name=\"_wpcf7_locale\" value=\"en_US\" \/>\n<input type=\"hidden\" name=\"_wpcf7_unit_tag\" value=\"wpcf7-f23-o1\" \/>\n<input type=\"hidden\" name=\"_wpcf7_container_post\" value=\"0\" \/>\n<input type=\"hidden\" name=\"_wpcf7_posted_data_hash\" value=\"\" \/>\n<\/div>\n<h4>Send message\n<\/h4>\n<div class=\"row\">\n\t<div class=\"col-md-6\">\n\t\t<div class=\"input-line\">\n\t\t\t<p><label for=\"your-name\"><i class=\"fas fa-user\"><\/i><\/label><br \/>\n<span class=\"wpcf7-form-control-wrap\" data-name=\"your-name\"><input size=\"40\" class=\"wpcf7-form-control wpcf7-text wpcf7-validates-as-required\" aria-required=\"true\" aria-invalid=\"false\" placeholder=\"Name\" value=\"\" type=\"text\" name=\"your-name\" \/><\/span>\n\t\t\t<\/p>\n\t\t<\/div>\n\t\t<div class=\"input-line\">\n\t\t\t<p><label for=\"your-mail\"><i class=\"far fa-envelope\"><\/i><\/label><span class=\"wpcf7-form-control-wrap\" data-name=\"your-email\"><input size=\"40\" class=\"wpcf7-form-control wpcf7-email wpcf7-validates-as-required wpcf7-text wpcf7-validates-as-email\" aria-required=\"true\" aria-invalid=\"false\" placeholder=\"Email\" value=\"\" type=\"email\" name=\"your-email\" \/><\/span>\n\t\t\t<\/p>\n\t\t<\/div>\n\t\t<div class=\"input-line\">\n\t\t\t<p><label for=\"your-subject\"><i class=\"fas fa-link\"><\/i><\/label><span class=\"wpcf7-form-control-wrap\" data-name=\"your-subject\"><input size=\"40\" class=\"wpcf7-form-control wpcf7-text wpcf7-validates-as-required\" aria-required=\"true\" aria-invalid=\"false\" placeholder=\"Subject\" value=\"\" type=\"text\" name=\"your-subject\" \/><\/span>\n\t\t\t<\/p>\n\t\t<\/div>\n\t<\/div>\n\t<div class=\"col-md-6\">\n\t\t<div class=\"input-line\">\n\t\t\t<p><span class=\"wpcf7-form-control-wrap\" data-name=\"your-message\"><textarea cols=\"40\" rows=\"10\" class=\"wpcf7-form-control wpcf7-textarea\" aria-invalid=\"false\" placeholder=\"Message\" name=\"your-message\"><\/textarea><\/span>\n\t\t\t<\/p>\n\t\t<\/div>\n\t\t<p><input class=\"wpcf7-form-control wpcf7-submit has-spinner\" type=\"submit\" value=\"Send\" \/>\n\t\t<\/p>\n\t<\/div>\n<\/div><div class=\"wpcf7-response-output\" aria-hidden=\"true\"><\/div>\n<\/form>\n<\/div>\n<\/p>\t\t\t\t\t\t\t<\/div>\r\n\t\t\t\t\t\t<\/div>\r\n\t\t\t\t\t\t<div class=\"col-lg-4\">\r\n\t\t\t\t\t\t\t<div id=\"map\">\r\n\t\t\t\t\t\t\t\t<div class=\"elementor-custom-embed\"><iframe frameborder=\"0\" scrolling=\"no\" marginheight=\"0\" marginwidth=\"0\" src=\"https:\/\/maps.google.com\/maps?q=dodurga+grup+anakara+t%C3%BCrkiye&amp;t=m&amp;z=12&amp;output=embed&amp;iwloc=near\"><\/iframe><\/div>\t\t\t\t\t\t\t<\/div>\r\n\t\t\t\t\t\t<\/div>\r\n\t\t\t\t\t<\/div>\r\n\t\t\t\t<\/div>\r\n\t\t\t<\/div>\r\n\r\n\t\t<\/section>\r\n\t\t<!-- End contact-info-section -->\r\n\t\t\t\r\n    \r\n    \t\t<\/div>\n\t\t\t\t<\/div>\n\t\t\t\t\t<\/div>\n\t\t<\/div>\n\t\t\t\t\t\t\t<\/div>\n\t\t<\/section>\n\t\t\t\t\t\t\t<\/div>\n\t\t","protected":false},"excerpt":{"rendered":"<p>\u0130leti\u015fim Bize Ula\u015f\u0131n Ofis Numaram\u0131z +90 312 234 20 06 Cep Numaram\u0131z +90 532 793 63 28 Mail info@erfeninsaat.com.tr Address Fatih Sultan Mahallesi, 2364. Sk. NO:4, 06790 Etimesgut\/Ankara Send message<\/p>\n","protected":false},"author":1,"featured_media":0,"parent":0,"menu_order":0,"comment_status":"closed","ping_status":"closed","template":"","meta":{"footnotes":""},"class_list":["post-561","page","type-page","status-publish","hentry"],"_links":{"self":[{"href":"https:\/\/erfeninsaat.com.tr\/index.php\/wp-json\/wp\/v2\/pages\/561","targetHints":{"allow":["GET"]}}],"collection":[{"href":"https:\/\/erfeninsaat.com.tr\/index.php\/wp-json\/wp\/v2\/pages"}],"about":[{"href":"https:\/\/erfeninsaat.com.tr\/index.php\/wp-json\/wp\/v2\/types\/page"}],"author":[{"embeddable":true,"href":"https:\/\/erfeninsaat.com.tr\/index.php\/wp-json\/wp\/v2\/users\/1"}],"replies":[{"embeddable":true,"href":"https:\/\/erfeninsaat.com.tr\/index.php\/wp-json\/wp\/v2\/comments?post=561"}],"version-history":[{"count":10,"href":"https:\/\/erfeninsaat.com.tr\/index.php\/wp-json\/wp\/v2\/pages\/561\/revisions"}],"predecessor-version":[{"id":1579,"href":"https:\/\/erfeninsaat.com.tr\/index.php\/wp-json\/wp\/v2\/pages\/561\/revisions\/1579"}],"wp:attachment":[{"href":"https:\/\/erfeninsaat.com.tr\/index.php\/wp-json\/wp\/v2\/media?parent=561"}],"curies":[{"name":"wp","href":"https:\/\/api.w.org\/{rel}","templated":true}]}}